{"id":948,"date":"2015-02-01T18:28:14","date_gmt":"2015-02-01T18:28:14","guid":{"rendered":"http:\/\/www.vnsg.ch\/site_wp\/?page_id=948"},"modified":"2015-02-18T10:00:12","modified_gmt":"2015-02-18T10:00:12","slug":"biodivercity","status":"publish","type":"page","link":"https:\/\/www.vnsg.ch\/site_wp\/projekte\/biodivercity\/","title":{"rendered":"Natur findet Stadt"},"content":{"rendered":"<p>Der VNSG engagiert sich f\u00fcr einen lebendige Stadt Grenchen und setzt sich ein f\u00fcr die Erhaltung und F\u00f6rderung von Gr\u00fcn- und Naturr\u00e4umen im Siedlungsraum. <!--more--> Die Vernetzung von Naturwerten und die multifunktionale Nutzung stehen dabei im Fokus: Erholungsr\u00e4ume und Naturerlebnis f\u00fcr die Bev\u00f6lkerung, hochwertige Lebensr\u00e4ume f\u00fcr Pflanzen und Tiere. Auch ist eine gut informierte und sensibilisierte Bev\u00f6lkerung eine wichtige Voraussetzung um mehr Leben in die Stadt zu bringen.<\/p>\n<p>Wir arbeiten zusammen mit den st\u00e4dtischen Beh\u00f6rden und beraten Eigent\u00fcmer f\u00fcr Massnahmen an Geb\u00e4uden und naturnahe G\u00e4rten. <\/p>\n<p>Kontaktangaben finden sie auf der Seite <a href=\"https:\/\/www.vnsg.ch\/site_wp\/verein\/\">Verein<\/a>.<\/p>\n","protected":false},"excerpt":{"rendered":"<p>Der VNSG engagiert sich f\u00fcr einen lebendige Stadt Grenchen und setzt sich ein f\u00fcr die Erhaltung und F\u00f6rderung von Gr\u00fcn- und Naturr\u00e4umen im Siedlungsraum.<\/p>\n","protected":false},"author":1,"featured_media":1029,"parent":544,"menu_order":0,"comment_status":"closed","ping_status":"closed","template":"page-templates\/vnsg-projekt-page.php","meta":{"footnotes":""},"class_list":["post-948","page","type-page","status-publish","has-post-thumbnail","hentry"],"_links":{"self":[{"href":"https:\/\/www.vnsg.ch\/site_wp\/wp-json\/wp\/v2\/pages\/948","targetHints":{"allow":["GET"]}}],"collection":[{"href":"https:\/\/www.vnsg.ch\/site_wp\/wp-json\/wp\/v2\/pages"}],"about":[{"href":"https:\/\/www.vnsg.ch\/site_wp\/wp-json\/wp\/v2\/types\/page"}],"author":[{"embeddable":true,"href":"https:\/\/www.vnsg.ch\/site_wp\/wp-json\/wp\/v2\/users\/1"}],"replies":[{"embeddable":true,"href":"https:\/\/www.vnsg.ch\/site_wp\/wp-json\/wp\/v2\/comments?post=948"}],"version-history":[{"count":11,"href":"https:\/\/www.vnsg.ch\/site_wp\/wp-json\/wp\/v2\/pages\/948\/revisions"}],"predecessor-version":[{"id":1060,"href":"https:\/\/www.vnsg.ch\/site_wp\/wp-json\/wp\/v2\/pages\/948\/revisions\/1060"}],"up":[{"embeddable":true,"href":"https:\/\/www.vnsg.ch\/site_wp\/wp-json\/wp\/v2\/pages\/544"}],"wp:featuredmedia":[{"embeddable":true,"href":"https:\/\/www.vnsg.ch\/site_wp\/wp-json\/wp\/v2\/media\/1029"}],"wp:attachment":[{"href":"https:\/\/www.vnsg.ch\/site_wp\/wp-json\/wp\/v2\/media?parent=948"}],"curies":[{"name":"wp","href":"https:\/\/api.w.org\/{rel}","templated":true}]}}